{"id":405,"date":"2023-02-02T23:20:58","date_gmt":"2023-02-02T23:20:58","guid":{"rendered":"https:\/\/szauergames.hu\/?page_id=405"},"modified":"2023-02-03T07:14:57","modified_gmt":"2023-02-03T07:14:57","slug":"rolunk","status":"publish","type":"page","link":"https:\/\/szauergames.hu\/?page_id=405","title":{"rendered":"R\u00f3lunk"},"content":{"rendered":"\n<h2 class=\"has-vivid-red-color has-text-color wp-block-heading\">Szauer Istv\u00e1n<\/h2>\n\n\n<figure class=\"wp-block-image alignleft size-medium\"><img decoding=\"async\" class=\"wp-image-407 alignleft\" src=\"https:\/\/szauergames.hu\/wp-content\/uploads\/2023\/02\/image-262x300.png\" alt=\"\" width=\"NaN\" height=\"NaN\" srcset=\"https:\/\/szauergames.hu\/wp-content\/uploads\/2023\/02\/image-262x300.png 262w, https:\/\/szauergames.hu\/wp-content\/uploads\/2023\/02\/image-471x540.png 471w, https:\/\/szauergames.hu\/wp-content\/uploads\/2023\/02\/image.png 698w\" sizes=\"(max-width: 262px) 100vw, 262px\" \/><\/figure>\n\n\n<p><\/p>\n\n\n\n<p>J\u00f3l megfizetett (\u00e9hez\u0151) pedag\u00f3gus munka mellett hobbi sz\u00e1momra a t\u00e1rsasj\u00e1t\u00e9k fejleszt\u00e9s \u00e9s a vlogol\u00e1s, mondhatni \u00e9lvezetb\u0151l csin\u00e1lom. El\u0151nye is van az iskol\u00e1nak: egyr\u00e9szt van lehet\u0151s\u00e9gem oktatni is a j\u00e1t\u00e9kfejleszt\u00e9st, m\u00e1sr\u00e9szt tan\u00edtv\u00e1nyaim sz\u00edvesen besz\u00e1llnak a tesztel\u00e9sbe is. A t\u00e1rsasj\u00e1t\u00e9k piacra \u00fagy ker\u00fcltem be, hogy eleinte m\u00e1sok fejleszt\u00e9s\u00e9ben seg\u00e9dkeztem. Els\u0151 \u00f6n\u00e1ll\u00f3&nbsp;j\u00e1t\u00e9komra a Kard \u00e9s Korona Kiad\u00f3 adott \u00e1ld\u00e1st, k\u00e9s\u0151bb m\u00e1s kiad\u00f3kkal is dolgoztam egy\u00fctt. Jelenleg 8 olyan j\u00e1t\u00e9kom kaphat\u00f3 a boltokban, \u00f6sszesen pedig 10 j\u00e1t\u00e9k doboz\u00e1ra ker\u00fclt a nevem 2016 \u00f3ta. A fi\u00f3kban t\u00f6bb, mint 25 protot\u00edpus fekszik, a portf\u00f3li\u00f3 tartalma sem teljes, folyamatos felt\u00f6lt\u00e9s alatt \u00e1ll.<\/p>\n\n\n\n<p>Szabad\u00fasz\u00f3 fejleszt\u0151k\u00e9nt nyitott vagyok b\u00e1rmilyen megold\u00e1sra &#8211; \u00e9lvezetb\u0151l dolgozom, motiv\u00e1l az alkot\u00e1s.<\/p>\n\n\n\n<p>BGG link:&nbsp;<a href=\"https:\/\/boardgamegeek.com\/boardgamedesigner\/113095\/istvan-szauer\" target=\"_blank\" rel=\"noreferrer noopener\">https:\/\/boardgamegeek.com\/boardgamedesigner\/113095\/istvan-szauer<\/a><\/p>\n\n\n\n<p>El\u00e9rhet\u0151s\u00e9g:&nbsp;<a rel=\"noreferrer noopener\" href=\"mailto:szauer.games@gmail.com\" target=\"_blank\">szauer.games@gmail.com<\/a><\/p>\n\n\n\n<h2 class=\"has-luminous-vivid-orange-color has-text-color wp-block-heading\">Lajtai-Szab\u00f3 Gergely<\/h2>\n\n\n<div class=\"wp-block-image\">\n<figure class=\"alignleft size-full is-resized\"><img loading=\"lazy\" decoding=\"async\" src=\"https:\/\/szauergames.hu\/wp-content\/uploads\/2023\/02\/52109866_10210425945084015_7179856335771533312_n.jpg\" alt=\"\" class=\"wp-image-413\" width=\"269\" height=\"269\" srcset=\"https:\/\/szauergames.hu\/wp-content\/uploads\/2023\/02\/52109866_10210425945084015_7179856335771533312_n.jpg 800w, https:\/\/szauergames.hu\/wp-content\/uploads\/2023\/02\/52109866_10210425945084015_7179856335771533312_n-300x300.jpg 300w, https:\/\/szauergames.hu\/wp-content\/uploads\/2023\/02\/52109866_10210425945084015_7179856335771533312_n-150x150.jpg 150w, https:\/\/szauergames.hu\/wp-content\/uploads\/2023\/02\/52109866_10210425945084015_7179856335771533312_n-768x768.jpg 768w, https:\/\/szauergames.hu\/wp-content\/uploads\/2023\/02\/52109866_10210425945084015_7179856335771533312_n-560x560.jpg 560w, https:\/\/szauergames.hu\/wp-content\/uploads\/2023\/02\/52109866_10210425945084015_7179856335771533312_n-540x540.jpg 540w\" sizes=\"auto, (max-width: 269px) 100vw, 269px\" \/><\/figure>\n<\/div>\n\n\n<p>Eredetileg szabad\u00fasz\u00f3 ford\u00edt\u00f3 \u00e9s \u00f6nk\u00e9pzett grafikus vagyok Nyugat-Magyarorsz\u00e1gr\u00f3l, de a j\u00e1t\u00e9kk\u00e9sz\u00edt\u00e9s m\u00e1r eg\u00e9szen kicsi korom \u00f3ta az \u00e9letem r\u00e9sze volt: \u00f3vod\u00e1sk\u00e9nt dobsz-\u00e9s-l\u00e9psz t\u00e1bl\u00e1kat rajzoltunk a b\u00e1ty\u00e1mmal, a napk\u00f6ziben az olcs\u00f3 Magic-ut\u00e1nzat j\u00e1t\u00e9kommal j\u00e1tszottunk, 2003 kar\u00e1csony\u00e1ra v\u00e1ros\u00e9p\u00edt\u0151 j\u00e1t\u00e9kot k\u00e9sz\u00edtettem a csal\u00e1dnak.<\/p>\n\n\n\n<p>Gimnazista koromban n\u00e9h\u00e1ny \u00e9vre \u00e1tt\u00e9rtem a sz\u00e1m\u00edt\u00f3g\u00e9pes j\u00e1t\u00e9kok k\u00e9sz\u00edt\u00e9s\u00e9re az RPG Maker \u00e9s a Multimedia Fusion haszn\u00e1lat\u00e1val, illetve sokat foglalkoztam azzal, hogy a foglalkoztat\u00f3 k\u00f6nyvek labirintusj\u00e1t\u00e9kait mik\u00e9nt lehet feldobni extra elemekkel. 2014 k\u00f6rny\u00e9k\u00e9n ugrottam fejest a j\u00e1t\u00e9kfejleszt\u00e9sbe. A j\u00e1t\u00e9kaimba az csemp\u00e9sz extra egyedis\u00e9get, hogy magam k\u00e9sz\u00edtem a grafikai anyagaikat is. Saj\u00e1t j\u00e1t\u00e9kaim mellett m\u00e1sok\u00e9t is sz\u00edvesen illusztr\u00e1lom: erre p\u00e9lda a spanyolorsz\u00e1gi AMICS Village Pillage c. k\u00e1rtyaj\u00e1t\u00e9ka, illetve a PlayInlcusive projekt keret\u00e9ben k\u00e9sz\u00fclt Scavengers of the Wasteland. Jelenleg 8 protot\u00edpuson folynak a munk\u00e1latok k\u00fcl\u00f6nb\u00f6z\u0151 f\u00e1zisokban, jegyzetf\u00fczeteimben azonban legal\u00e1bb m\u00e9g egyszer ennyi v\u00e1rja, hogy k\u00e9zzelfoghat\u00f3v\u00e1 v\u00e1ljon.<\/p>\n\n\n\n<p>Artstation:&nbsp;<a href=\"https:\/\/cardforgerguild.artstation.com\/\" target=\"_blank\" rel=\"noreferrer noopener\">https:\/\/cardforgerguild.artstation.com\/<\/a><\/p>\n\n\n\n<p>El\u00e9rhet\u0151s\u00e9g:&nbsp;<a rel=\"noreferrer noopener\" href=\"mailto:lajtai.szabo.gergely@gmail.com\" target=\"_blank\">lajtai.szabo.gergely@gmail.com<\/a><\/p>\n","protected":false},"excerpt":{"rendered":"<p>Szauer Istv\u00e1n J\u00f3l megfizetett (\u00e9hez\u0151) pedag\u00f3gus munka mellett hobbi sz\u00e1momra a t\u00e1rsasj\u00e1t\u00e9k fejleszt\u00e9s \u00e9s a vlogol\u00e1s, mondhatni \u00e9lvezetb\u0151l csin\u00e1lom. El\u0151nye is van az iskol\u00e1nak: egyr\u00e9szt van lehet\u0151s\u00e9gem oktatni is a j\u00e1t\u00e9kfejleszt\u00e9st, m\u00e1sr\u00e9szt tan\u00edtv\u00e1nyaim sz\u00edvesen besz\u00e1llnak a tesztel\u00e9sbe is. A t\u00e1rsasj\u00e1t\u00e9k piacra \u00fagy ker\u00fcltem be, hogy eleinte m\u00e1sok fejleszt\u00e9s\u00e9ben seg\u00e9dkeztem. Els\u0151 \u00f6n\u00e1ll\u00f3&nbsp;j\u00e1t\u00e9komra a Kard \u00e9s Korona [&hellip;]<\/p>\n","protected":false},"author":1,"featured_media":22,"parent":0,"menu_order":0,"comment_status":"closed","ping_status":"closed","template":"","meta":{"pgc_sgb_lightbox_settings":"","footnotes":""},"class_list":["post-405","page","type-page","status-publish","has-post-thumbnail","hentry"],"_links":{"self":[{"href":"https:\/\/szauergames.hu\/index.php?rest_route=\/wp\/v2\/pages\/405","targetHints":{"allow":["GET"]}}],"collection":[{"href":"https:\/\/szauergames.hu\/index.php?rest_route=\/wp\/v2\/pages"}],"about":[{"href":"https:\/\/szauergames.hu\/index.php?rest_route=\/wp\/v2\/types\/page"}],"author":[{"embeddable":true,"href":"https:\/\/szauergames.hu\/index.php?rest_route=\/wp\/v2\/users\/1"}],"replies":[{"embeddable":true,"href":"https:\/\/szauergames.hu\/index.php?rest_route=%2Fwp%2Fv2%2Fcomments&post=405"}],"version-history":[{"count":8,"href":"https:\/\/szauergames.hu\/index.php?rest_route=\/wp\/v2\/pages\/405\/revisions"}],"predecessor-version":[{"id":438,"href":"https:\/\/szauergames.hu\/index.php?rest_route=\/wp\/v2\/pages\/405\/revisions\/438"}],"wp:featuredmedia":[{"embeddable":true,"href":"https:\/\/szauergames.hu\/index.php?rest_route=\/wp\/v2\/media\/22"}],"wp:attachment":[{"href":"https:\/\/szauergames.hu\/index.php?rest_route=%2Fwp%2Fv2%2Fmedia&parent=405"}],"curies":[{"name":"wp","href":"https:\/\/api.w.org\/{rel}","templated":true}]}}